{"id":2134,"date":"2025-11-25T17:15:13","date_gmt":"2025-11-25T21:15:13","guid":{"rendered":"https:\/\/advocacialacerda.com\/blog\/?page_id=2134"},"modified":"2026-02-18T17:00:16","modified_gmt":"2026-02-18T21:00:16","slug":"contato","status":"publish","type":"page","link":"https:\/\/advocacialacerda.com\/blog\/contato\/","title":{"rendered":"Contato"},"content":{"rendered":"\t\t<div data-elementor-type=\"wp-page\" data-elementor-id=\"2134\" class=\"elementor elementor-2134\" data-elementor-post-type=\"page\">\n\t\t\t\t<div class=\"elementor-element elementor-element-d660492 e-flex e-con-boxed e-con e-parent\" data-id=\"d660492\" data-element_type=\"container\" data-e-type=\"container\" data-settings=\"{&quot;background_background&quot;:&quot;classic&quot;}\">\n\t\t\t\t\t<div class=\"e-con-inner\">\n\t\t<div class=\"elementor-element elementor-element-c62f5fd e-con-full e-flex e-con e-child\" data-id=\"c62f5fd\" data-element_type=\"container\" data-e-type=\"container\">\n\t\t\t\t<div class=\"elementor-element elementor-element-b462d74 elementor-vertical-align-top elementor-widget elementor-widget-image-box\" data-id=\"b462d74\" data-element_type=\"widget\" data-e-type=\"widget\" data-widget_type=\"image-box.default\">\n\t\t\t\t\t<div class=\"elementor-image-box-wrapper\"><div class=\"elementor-image-box-content\"><h3 class=\"elementor-image-box-title\">Contato<\/h3><\/div><\/div>\t\t\t\t<\/div>\n\t\t\t\t<\/div>\n\t\t\t\t\t<\/div>\n\t\t\t\t<\/div>\n\t\t<div class=\"elementor-element elementor-element-3a62c7e e-flex e-con-boxed e-con e-parent\" data-id=\"3a62c7e\" data-element_type=\"container\" data-e-type=\"container\" data-settings=\"{&quot;background_background&quot;:&quot;classic&quot;}\">\n\t\t\t\t\t<div class=\"e-con-inner\">\n\t\t<div class=\"elementor-element elementor-element-493d7ee e-con-full e-flex e-con e-child\" data-id=\"493d7ee\" data-element_type=\"container\" data-e-type=\"container\">\n\t\t\t\t<div class=\"elementor-element elementor-element-32aa00b elementor-widget__width-initial elementor-widget elementor-widget-text-editor\" data-id=\"32aa00b\" data-element_type=\"widget\" data-e-type=\"widget\" data-widget_type=\"text-editor.default\">\n\t\t\t\t\t\t\t\t\t<div class=\"elementor-element elementor-element-26e9dd4 e-con-full e-flex e-con e-child\" data-id=\"26e9dd4\" data-element_type=\"container\"><div class=\"elementor-element elementor-element-4c21aac elementor-widget__width-initial elementor-vertical-align-top elementor-widget elementor-widget-image-box\" data-id=\"4c21aac\" data-element_type=\"widget\" data-widget_type=\"image-box.default\"><div class=\"elementor-image-box-wrapper\"><div class=\"elementor-image-box-content\"><p class=\"elementor-image-box-description\">Estamos prontos para cuidar do que voce precisar. Entre em contato pelo WhatsApp ou preencha o formul\u00e1rio abaixo. Nossa equipe retornar\u00e1 o mais r\u00e1pido poss\u00edvel.<\/p><\/div><\/div><\/div><\/div>\t\t\t\t\t\t\t\t<\/div>\n\t\t<div class=\"elementor-element elementor-element-53e15e8 e-con-full e-flex e-con e-child\" data-id=\"53e15e8\" data-element_type=\"container\" data-e-type=\"container\">\n\t\t<div class=\"elementor-element elementor-element-e6045cb e-con-full e-flex e-con e-child\" data-id=\"e6045cb\" data-element_type=\"container\" data-e-type=\"container\" data-settings=\"{&quot;background_background&quot;:&quot;classic&quot;}\">\n\t\t\t\t<div class=\"elementor-element elementor-element-facb9b6 elementor-widget elementor-widget-heading\" data-id=\"facb9b6\" data-element_type=\"widget\" data-e-type=\"widget\" data-widget_type=\"heading.default\">\n\t\t\t\t\t<h2 class=\"elementor-heading-title elementor-size-default\">WhatsApp<\/h2>\t\t\t\t<\/div>\n\t\t\t\t<div class=\"elementor-element elementor-element-af76636 elementor-mobile-align-center elementor-icon-list--layout-traditional elementor-list-item-link-full_width elementor-widget elementor-widget-icon-list\" data-id=\"af76636\" data-element_type=\"widget\" data-e-type=\"widget\" data-widget_type=\"icon-list.default\">\n\t\t\t\t\t\t\t<ul class=\"elementor-icon-list-items\">\n\t\t\t\t\t\t\t<li class=\"elementor-icon-list-item\">\n\t\t\t\t\t\t\t\t\t\t\t<a href=\"https:\/\/api.whatsapp.com\/send\/?phone=556536235792&#038;text=Ol%C3%A1%2C+estou+entrando+em+contato+com+a+Advocacia+Lacerda%2C+atrav%C3%A9s+do+site.+Poderia+me+atender%3F&#038;type=phone_number&#038;app_absent=0\">\n\n\t\t\t\t\t\t\t\t\t\t\t<span class=\"elementor-icon-list-text\">(65) 3623-5792<\/span>\n\t\t\t\t\t\t\t\t\t\t\t<\/a>\n\t\t\t\t\t\t\t\t\t<\/li>\n\t\t\t\t\t\t<\/ul>\n\t\t\t\t\t\t<\/div>\n\t\t\t\t<\/div>\n\t\t\t\t<\/div>\n\t\t<div class=\"elementor-element elementor-element-910a752 e-con-full e-flex e-con e-child\" data-id=\"910a752\" data-element_type=\"container\" data-e-type=\"container\">\n\t\t<div class=\"elementor-element elementor-element-20b332a e-con-full e-flex e-con e-child\" data-id=\"20b332a\" data-element_type=\"container\" data-e-type=\"container\" data-settings=\"{&quot;background_background&quot;:&quot;classic&quot;}\">\n\t\t\t\t<div class=\"elementor-element elementor-element-a6b71e2 elementor-widget elementor-widget-heading\" data-id=\"a6b71e2\" data-element_type=\"widget\" data-e-type=\"widget\" data-widget_type=\"heading.default\">\n\t\t\t\t\t<h2 class=\"elementor-heading-title elementor-size-default\">E-mail<\/h2>\t\t\t\t<\/div>\n\t\t\t\t<div class=\"elementor-element elementor-element-c027628 elementor-mobile-align-center elementor-icon-list--layout-traditional elementor-list-item-link-full_width elementor-widget elementor-widget-icon-list\" data-id=\"c027628\" data-element_type=\"widget\" data-e-type=\"widget\" data-widget_type=\"icon-list.default\">\n\t\t\t\t\t\t\t<ul class=\"elementor-icon-list-items\">\n\t\t\t\t\t\t\t<li class=\"elementor-icon-list-item\">\n\t\t\t\t\t\t\t\t\t\t\t<a href=\"mailto:contato@advocacialacerda.com\">\n\n\t\t\t\t\t\t\t\t\t\t\t<span class=\"elementor-icon-list-text\">contato@advocacialacerda.com<\/span>\n\t\t\t\t\t\t\t\t\t\t\t<\/a>\n\t\t\t\t\t\t\t\t\t<\/li>\n\t\t\t\t\t\t<\/ul>\n\t\t\t\t\t\t<\/div>\n\t\t\t\t<\/div>\n\t\t\t\t<\/div>\n\t\t<div class=\"elementor-element elementor-element-22d80fc e-con-full e-flex e-con e-child\" data-id=\"22d80fc\" data-element_type=\"container\" data-e-type=\"container\">\n\t\t<div class=\"elementor-element elementor-element-13450f8 e-con-full e-flex e-con e-child\" data-id=\"13450f8\" data-element_type=\"container\" data-e-type=\"container\" data-settings=\"{&quot;background_background&quot;:&quot;classic&quot;}\">\n\t\t\t\t<div class=\"elementor-element elementor-element-23e3086 elementor-widget elementor-widget-heading\" data-id=\"23e3086\" data-element_type=\"widget\" data-e-type=\"widget\" data-widget_type=\"heading.default\">\n\t\t\t\t\t<h2 class=\"elementor-heading-title elementor-size-default\">Endere\u00e7o<\/h2>\t\t\t\t<\/div>\n\t\t\t\t<div class=\"elementor-element elementor-element-76b50f3 elementor-mobile-align-center elementor-icon-list--layout-traditional elementor-list-item-link-full_width elementor-widget elementor-widget-icon-list\" data-id=\"76b50f3\" data-element_type=\"widget\" data-e-type=\"widget\" data-widget_type=\"icon-list.default\">\n\t\t\t\t\t\t\t<ul class=\"elementor-icon-list-items\">\n\t\t\t\t\t\t\t<li class=\"elementor-icon-list-item\">\n\t\t\t\t\t\t\t\t\t\t<span class=\"elementor-icon-list-text\">Travessa Coronel Francisco Pinto de Oliveira, 66 Duque de Caxias I, Cuiab\u00e1 - MT, 78043-311<\/span>\n\t\t\t\t\t\t\t\t\t<\/li>\n\t\t\t\t\t\t<\/ul>\n\t\t\t\t\t\t<\/div>\n\t\t\t\t<\/div>\n\t\t\t\t<\/div>\n\t\t\t\t<\/div>\n\t\t<div class=\"elementor-element elementor-element-c009594 e-con-full e-flex e-con e-child\" data-id=\"c009594\" data-element_type=\"container\" data-e-type=\"container\">\n\t\t\t\t<div class=\"elementor-element elementor-element-16c3fb6 elementor-widget__width-initial elementor-button-align-stretch elementor-widget elementor-widget-form\" data-id=\"16c3fb6\" data-element_type=\"widget\" data-e-type=\"widget\" data-settings=\"{&quot;step_next_label&quot;:&quot;Next&quot;,&quot;step_previous_label&quot;:&quot;Anterior&quot;,&quot;button_width&quot;:&quot;100&quot;,&quot;step_type&quot;:&quot;number_text&quot;,&quot;step_icon_shape&quot;:&quot;circle&quot;}\" data-widget_type=\"form.default\">\n\t\t\t\t\t\t\t<form class=\"elementor-form\" method=\"post\" name=\"New Form\" aria-label=\"New Form\">\n\t\t\t<input type=\"hidden\" name=\"post_id\" value=\"2134\"\/>\n\t\t\t<input type=\"hidden\" name=\"form_id\" value=\"16c3fb6\"\/>\n\t\t\t<input type=\"hidden\" name=\"referer_title\" value=\"Contato - Advogada em Cuiab\u00e1\" \/>\n\n\t\t\t\t\t\t\t<input type=\"hidden\" name=\"queried_id\" value=\"2134\"\/>\n\t\t\t\n\t\t\t<div class=\"elementor-form-fields-wrapper elementor-labels-\">\n\t\t\t\t\t\t\t\t<div class=\"elementor-field-type-text elementor-field-group elementor-column elementor-field-group-name elementor-col-100 elementor-field-required\">\n\t\t\t\t\t\t\t\t\t\t\t\t<label for=\"form-field-name\" class=\"elementor-field-label elementor-screen-only\">\n\t\t\t\t\t\t\t\tNome\t\t\t\t\t\t\t<\/label>\n\t\t\t\t\t\t\t\t\t\t\t\t\t\t<input size=\"1\" type=\"text\" name=\"form_fields[name]\" id=\"form-field-name\" class=\"elementor-field elementor-size-lg  elementor-field-textual\" placeholder=\"Nome\" required=\"required\">\n\t\t\t\t\t\t\t\t\t\t\t<\/div>\n\t\t\t\t\t\t\t\t<div class=\"elementor-field-type-email elementor-field-group elementor-column elementor-field-group-email elementor-col-50 elementor-field-required\">\n\t\t\t\t\t\t\t\t\t\t\t\t<label for=\"form-field-email\" class=\"elementor-field-label elementor-screen-only\">\n\t\t\t\t\t\t\t\tEmail\t\t\t\t\t\t\t<\/label>\n\t\t\t\t\t\t\t\t\t\t\t\t\t\t<input size=\"1\" type=\"email\" name=\"form_fields[email]\" id=\"form-field-email\" class=\"elementor-field elementor-size-lg  elementor-field-textual\" placeholder=\"Email\" required=\"required\">\n\t\t\t\t\t\t\t\t\t\t\t<\/div>\n\t\t\t\t\t\t\t\t<div class=\"elementor-field-type-tel elementor-field-group elementor-column elementor-field-group-field_bb065c0 elementor-col-50 elementor-field-required\">\n\t\t\t\t\t\t\t\t\t\t\t\t<label for=\"form-field-field_bb065c0\" class=\"elementor-field-label elementor-screen-only\">\n\t\t\t\t\t\t\t\tTelefone\t\t\t\t\t\t\t<\/label>\n\t\t\t\t\t\t\t\t<input size=\"1\" type=\"tel\" name=\"form_fields[field_bb065c0]\" id=\"form-field-field_bb065c0\" class=\"elementor-field elementor-size-lg  elementor-field-textual\" placeholder=\"Telefone\" required=\"required\" pattern=\"[0-9()#&amp;+*-=.]+\" title=\"Only numbers and phone characters (#, -, *, etc) are accepted.\">\n\n\t\t\t\t\t\t<\/div>\n\t\t\t\t\t\t\t\t<div class=\"elementor-field-type-text elementor-field-group elementor-column elementor-field-group-field_3f4bb46 elementor-col-100 elementor-field-required\">\n\t\t\t\t\t\t\t\t\t\t\t\t<label for=\"form-field-field_3f4bb46\" class=\"elementor-field-label elementor-screen-only\">\n\t\t\t\t\t\t\t\tEmpresa\t\t\t\t\t\t\t<\/label>\n\t\t\t\t\t\t\t\t\t\t\t\t\t\t<input size=\"1\" type=\"text\" name=\"form_fields[field_3f4bb46]\" id=\"form-field-field_3f4bb46\" class=\"elementor-field elementor-size-lg  elementor-field-textual\" placeholder=\"Empresa\" required=\"required\">\n\t\t\t\t\t\t\t\t\t\t\t<\/div>\n\t\t\t\t\t\t\t\t<div class=\"elementor-field-type-textarea elementor-field-group elementor-column elementor-field-group-message elementor-col-100\">\n\t\t\t\t\t\t\t\t\t\t\t\t<label for=\"form-field-message\" class=\"elementor-field-label elementor-screen-only\">\n\t\t\t\t\t\t\t\tMensagem\t\t\t\t\t\t\t<\/label>\n\t\t\t\t\t\t<textarea class=\"elementor-field-textual elementor-field  elementor-size-lg\" name=\"form_fields[message]\" id=\"form-field-message\" rows=\"4\" placeholder=\"Mensagem\"><\/textarea>\t\t\t\t<\/div>\n\t\t\t\t\t\t\t\t<div class=\"elementor-field-group elementor-column elementor-field-type-submit elementor-col-100 e-form__buttons\">\n\t\t\t\t\t<button class=\"elementor-button elementor-size-sm\" type=\"submit\">\n\t\t\t\t\t\t<span class=\"elementor-button-content-wrapper\">\n\t\t\t\t\t\t\t\t\t\t\t\t\t\t\t\t\t\t\t\t\t\t<span class=\"elementor-button-text\">Enviar<\/span>\n\t\t\t\t\t\t\t\t\t\t\t\t\t<\/span>\n\t\t\t\t\t<\/button>\n\t\t\t\t<\/div>\n\t\t\t<\/div>\n\t\t<\/form>\n\t\t\t\t\t\t<\/div>\n\t\t\t\t<\/div>\n\t\t\t\t\t<\/div>\n\t\t\t\t<\/div>\n\t\t<div class=\"elementor-element elementor-element-0aa4bb7 e-con-full e-flex e-con e-parent\" data-id=\"0aa4bb7\" data-element_type=\"container\" data-e-type=\"container\" data-settings=\"{&quot;background_background&quot;:&quot;classic&quot;}\">\n\t\t<div class=\"elementor-element elementor-element-387a49c e-con-full e-grid e-con e-child\" data-id=\"387a49c\" data-element_type=\"container\" data-e-type=\"container\">\n\t\t<div class=\"elementor-element elementor-element-de1363d e-con-full e-flex e-con e-child\" data-id=\"de1363d\" data-element_type=\"container\" data-e-type=\"container\">\n\t\t\t\t<div class=\"elementor-element elementor-element-6883fd1 elementor-widget elementor-widget-google_maps\" data-id=\"6883fd1\" data-element_type=\"widget\" data-e-type=\"widget\" data-widget_type=\"google_maps.default\">\n\t\t\t\t\t\t\t<div class=\"elementor-custom-embed\">\n\t\t\t<iframe loading=\"lazy\"\n\t\t\t\t\tsrc=\"https:\/\/maps.google.com\/maps?q=Travessa%20Coronel%20Francisco%20Pinto%20de%20Oliveira%2C%2066%20Duque%20de%20Caxias%20I%2C%20Cuiab%C3%A1%20-%20MT%2C%2078043-311&#038;t=m&#038;z=16&#038;output=embed&#038;iwloc=near\"\n\t\t\t\t\ttitle=\"Travessa Coronel Francisco Pinto de Oliveira, 66 Duque de Caxias I, Cuiab\u00e1 - MT, 78043-311\"\n\t\t\t\t\taria-label=\"Travessa Coronel Francisco Pinto de Oliveira, 66 Duque de Caxias I, Cuiab\u00e1 - MT, 78043-311\"\n\t\t\t><\/iframe>\n\t\t<\/div>\n\t\t\t\t\t\t<\/div>\n\t\t\t\t<\/div>\n\t\t\t\t<\/div>\n\t\t\t\t<\/div>\n\t\t\t\t<\/div>\n\t\t","protected":false},"excerpt":{"rendered":"<p>Contato Estamos prontos para cuidar do que voce precisar. Entre em contato pelo WhatsApp ou preencha o formul\u00e1rio abaixo. Nossa equipe retornar\u00e1 o mais r\u00e1pido poss\u00edvel. WhatsApp (65) 3623-5792 E-mail contato@advocacialacerda.com Endere\u00e7o Travessa Coronel Francisco Pinto de Oliveira, 66 Duque de Caxias I, Cuiab\u00e1 &#8211; MT, 78043-311<\/p>\n","protected":false},"author":3,"featured_media":0,"parent":0,"menu_order":0,"comment_status":"closed","ping_status":"closed","template":"","meta":{"footnotes":""},"class_list":["post-2134","page","type-page","status-publish","hentry"],"yoast_head":"<!-- This site is optimized with the Yoast SEO plugin v27.2 - https:\/\/yoast.com\/product\/yoast-seo-wordpress\/ -->\n<title>Contato - Advogada em Cuiab\u00e1<\/title>\n<meta name=\"robots\" content=\"index, follow, max-snippet:-1, max-image-preview:large, max-video-preview:-1\" \/>\n<link rel=\"canonical\" href=\"https:\/\/advocacialacerda.com\/blog\/contato\/\" \/>\n<meta property=\"og:locale\" content=\"pt_PT\" \/>\n<meta property=\"og:type\" content=\"article\" \/>\n<meta property=\"og:title\" content=\"Contato - Advogada em Cuiab\u00e1\" \/>\n<meta property=\"og:description\" content=\"Contato Estamos prontos para cuidar do que voce precisar. Entre em contato pelo WhatsApp ou preencha o formul\u00e1rio abaixo. Nossa equipe retornar\u00e1 o mais r\u00e1pido poss\u00edvel. WhatsApp (65) 3623-5792 E-mail contato@advocacialacerda.com Endere\u00e7o Travessa Coronel Francisco Pinto de Oliveira, 66 Duque de Caxias I, Cuiab\u00e1 &#8211; MT, 78043-311\" \/>\n<meta property=\"og:url\" content=\"https:\/\/advocacialacerda.com\/blog\/contato\/\" \/>\n<meta property=\"og:site_name\" content=\"Advogada em Cuiab\u00e1\" \/>\n<meta property=\"article:modified_time\" content=\"2026-02-18T21:00:16+00:00\" \/>\n<meta name=\"twitter:card\" content=\"summary_large_image\" \/>\n<meta name=\"twitter:label1\" content=\"Tempo estimado de leitura\" \/>\n\t<meta name=\"twitter:data1\" content=\"1 minuto\" \/>\n<script type=\"application\/ld+json\" class=\"yoast-schema-graph\">{\"@context\":\"https:\/\/schema.org\",\"@graph\":[{\"@type\":\"WebPage\",\"@id\":\"https:\/\/advocacialacerda.com\/blog\/contato\/\",\"url\":\"https:\/\/advocacialacerda.com\/blog\/contato\/\",\"name\":\"Contato - Advogada em Cuiab\u00e1\",\"isPartOf\":{\"@id\":\"https:\/\/advocacialacerda.com\/blog\/#website\"},\"datePublished\":\"2025-11-25T21:15:13+00:00\",\"dateModified\":\"2026-02-18T21:00:16+00:00\",\"breadcrumb\":{\"@id\":\"https:\/\/advocacialacerda.com\/blog\/contato\/#breadcrumb\"},\"inLanguage\":\"pt-PT\",\"potentialAction\":[{\"@type\":\"ReadAction\",\"target\":[\"https:\/\/advocacialacerda.com\/blog\/contato\/\"]}]},{\"@type\":\"BreadcrumbList\",\"@id\":\"https:\/\/advocacialacerda.com\/blog\/contato\/#breadcrumb\",\"itemListElement\":[{\"@type\":\"ListItem\",\"position\":1,\"name\":\"In\u00edcio\",\"item\":\"https:\/\/advocacialacerda.com\/blog\/\"},{\"@type\":\"ListItem\",\"position\":2,\"name\":\"Contato\"}]},{\"@type\":\"WebSite\",\"@id\":\"https:\/\/advocacialacerda.com\/blog\/#website\",\"url\":\"https:\/\/advocacialacerda.com\/blog\/\",\"name\":\"Advogada em Cuiab\u00e1\",\"description\":\"Advocacia Lacerda\",\"publisher\":{\"@id\":\"https:\/\/advocacialacerda.com\/blog\/#organization\"},\"potentialAction\":[{\"@type\":\"SearchAction\",\"target\":{\"@type\":\"EntryPoint\",\"urlTemplate\":\"https:\/\/advocacialacerda.com\/blog\/?s={search_term_string}\"},\"query-input\":{\"@type\":\"PropertyValueSpecification\",\"valueRequired\":true,\"valueName\":\"search_term_string\"}}],\"inLanguage\":\"pt-PT\"},{\"@type\":\"Organization\",\"@id\":\"https:\/\/advocacialacerda.com\/blog\/#organization\",\"name\":\"Advogada em Cuiab\u00e1\",\"url\":\"https:\/\/advocacialacerda.com\/blog\/\",\"logo\":{\"@type\":\"ImageObject\",\"inLanguage\":\"pt-PT\",\"@id\":\"https:\/\/advocacialacerda.com\/blog\/#\/schema\/logo\/image\/\",\"url\":\"https:\/\/advocacialacerda.com\/blog\/wp-content\/uploads\/2025\/11\/logo_2021.png\",\"contentUrl\":\"https:\/\/advocacialacerda.com\/blog\/wp-content\/uploads\/2025\/11\/logo_2021.png\",\"width\":1861,\"height\":585,\"caption\":\"Advogada em Cuiab\u00e1\"},\"image\":{\"@id\":\"https:\/\/advocacialacerda.com\/blog\/#\/schema\/logo\/image\/\"}}]}<\/script>\n<!-- \/ Yoast SEO plugin. -->","yoast_head_json":{"title":"Contato - Advogada em Cuiab\u00e1","robots":{"index":"index","follow":"follow","max-snippet":"max-snippet:-1","max-image-preview":"max-image-preview:large","max-video-preview":"max-video-preview:-1"},"canonical":"https:\/\/advocacialacerda.com\/blog\/contato\/","og_locale":"pt_PT","og_type":"article","og_title":"Contato - Advogada em Cuiab\u00e1","og_description":"Contato Estamos prontos para cuidar do que voce precisar. Entre em contato pelo WhatsApp ou preencha o formul\u00e1rio abaixo. Nossa equipe retornar\u00e1 o mais r\u00e1pido poss\u00edvel. WhatsApp (65) 3623-5792 E-mail contato@advocacialacerda.com Endere\u00e7o Travessa Coronel Francisco Pinto de Oliveira, 66 Duque de Caxias I, Cuiab\u00e1 &#8211; MT, 78043-311","og_url":"https:\/\/advocacialacerda.com\/blog\/contato\/","og_site_name":"Advogada em Cuiab\u00e1","article_modified_time":"2026-02-18T21:00:16+00:00","twitter_card":"summary_large_image","twitter_misc":{"Tempo estimado de leitura":"1 minuto"},"schema":{"@context":"https:\/\/schema.org","@graph":[{"@type":"WebPage","@id":"https:\/\/advocacialacerda.com\/blog\/contato\/","url":"https:\/\/advocacialacerda.com\/blog\/contato\/","name":"Contato - Advogada em Cuiab\u00e1","isPartOf":{"@id":"https:\/\/advocacialacerda.com\/blog\/#website"},"datePublished":"2025-11-25T21:15:13+00:00","dateModified":"2026-02-18T21:00:16+00:00","breadcrumb":{"@id":"https:\/\/advocacialacerda.com\/blog\/contato\/#breadcrumb"},"inLanguage":"pt-PT","potentialAction":[{"@type":"ReadAction","target":["https:\/\/advocacialacerda.com\/blog\/contato\/"]}]},{"@type":"BreadcrumbList","@id":"https:\/\/advocacialacerda.com\/blog\/contato\/#breadcrumb","itemListElement":[{"@type":"ListItem","position":1,"name":"In\u00edcio","item":"https:\/\/advocacialacerda.com\/blog\/"},{"@type":"ListItem","position":2,"name":"Contato"}]},{"@type":"WebSite","@id":"https:\/\/advocacialacerda.com\/blog\/#website","url":"https:\/\/advocacialacerda.com\/blog\/","name":"Advogada em Cuiab\u00e1","description":"Advocacia Lacerda","publisher":{"@id":"https:\/\/advocacialacerda.com\/blog\/#organization"},"potentialAction":[{"@type":"SearchAction","target":{"@type":"EntryPoint","urlTemplate":"https:\/\/advocacialacerda.com\/blog\/?s={search_term_string}"},"query-input":{"@type":"PropertyValueSpecification","valueRequired":true,"valueName":"search_term_string"}}],"inLanguage":"pt-PT"},{"@type":"Organization","@id":"https:\/\/advocacialacerda.com\/blog\/#organization","name":"Advogada em Cuiab\u00e1","url":"https:\/\/advocacialacerda.com\/blog\/","logo":{"@type":"ImageObject","inLanguage":"pt-PT","@id":"https:\/\/advocacialacerda.com\/blog\/#\/schema\/logo\/image\/","url":"https:\/\/advocacialacerda.com\/blog\/wp-content\/uploads\/2025\/11\/logo_2021.png","contentUrl":"https:\/\/advocacialacerda.com\/blog\/wp-content\/uploads\/2025\/11\/logo_2021.png","width":1861,"height":585,"caption":"Advogada em Cuiab\u00e1"},"image":{"@id":"https:\/\/advocacialacerda.com\/blog\/#\/schema\/logo\/image\/"}}]}},"_links":{"self":[{"href":"https:\/\/advocacialacerda.com\/blog\/wp-json\/wp\/v2\/pages\/2134","targetHints":{"allow":["GET"]}}],"collection":[{"href":"https:\/\/advocacialacerda.com\/blog\/wp-json\/wp\/v2\/pages"}],"about":[{"href":"https:\/\/advocacialacerda.com\/blog\/wp-json\/wp\/v2\/types\/page"}],"author":[{"embeddable":true,"href":"https:\/\/advocacialacerda.com\/blog\/wp-json\/wp\/v2\/users\/3"}],"replies":[{"embeddable":true,"href":"https:\/\/advocacialacerda.com\/blog\/wp-json\/wp\/v2\/comments?post=2134"}],"version-history":[{"count":40,"href":"https:\/\/advocacialacerda.com\/blog\/wp-json\/wp\/v2\/pages\/2134\/revisions"}],"predecessor-version":[{"id":2639,"href":"https:\/\/advocacialacerda.com\/blog\/wp-json\/wp\/v2\/pages\/2134\/revisions\/2639"}],"wp:attachment":[{"href":"https:\/\/advocacialacerda.com\/blog\/wp-json\/wp\/v2\/media?parent=2134"}],"curies":[{"name":"wp","href":"https:\/\/api.w.org\/{rel}","templated":true}]}}